{"id":82509,"date":"2023-04-18T16:56:41","date_gmt":"2023-04-18T15:56:41","guid":{"rendered":"https:\/\/mutuamadridopen.com\/?page_id=82509"},"modified":"2026-04-19T20:51:14","modified_gmt":"2026-04-19T19:51:14","slug":"results","status":"publish","type":"page","link":"https:\/\/mutuamadridopen.com\/en\/results\/","title":{"rendered":"Results"},"content":{"rendered":"\t\t<div data-elementor-type=\"wp-post\" data-elementor-id=\"82509\" class=\"elementor elementor-82509 elementor-82508\" data-elementor-post-type=\"page\">\n\t\t\t\t\t\t<section class=\"elementor-section elementor-top-section elementor-element elementor-element-bd4eff0 elementor-section-full_width elementor-section-content-middle elementor-section-stretched elementor-section-height-min-height elementor-section-items-bottom elementor-section-height-default\" data-id=\"bd4eff0\" data-element_type=\"section\" data-e-type=\"section\" data-settings=\"{&quot;stretch_section&quot;:&quot;section-stretched&quot;,&quot;background_background&quot;:&quot;classic&quot;,&quot;jet_parallax_layout_list&quot;:[]}\">\n\t\t\t\t\t\t<div class=\"elementor-container elementor-column-gap-no\">\n\t\t\t\t\t<div class=\"elementor-column elementor-col-100 elementor-top-column elementor-element elementor-element-a3ae772\" data-id=\"a3ae772\" data-element_type=\"column\" data-e-type=\"column\">\n\t\t\t<div class=\"elementor-widget-wrap elementor-element-populated\">\n\t\t\t\t\t\t<div class=\"elementor-element elementor-element-b7a8875 elementor-widget__width-auto elementor-widget elementor-widget-heading\" data-id=\"b7a8875\" data-element_type=\"widget\" data-e-type=\"widget\" data-widget_type=\"heading.default\">\n\t\t\t\t<div class=\"elementor-widget-container\">\n\t\t\t\t\t<h2 class=\"elementor-heading-title elementor-size-default\">RESULTS<\/h2>\t\t\t\t<\/div>\n\t\t\t\t<\/div>\n\t\t\t\t\t<\/div>\n\t\t<\/div>\n\t\t\t\t\t<\/div>\n\t\t<\/section>\n\t\t\t\t<section class=\"elementor-section elementor-top-section elementor-element elementor-element-8e75145 elementor-section-content-top elementor-section-boxed elementor-section-height-default elementor-section-height-default\" data-id=\"8e75145\" data-element_type=\"section\" data-e-type=\"section\" data-settings=\"{&quot;jet_parallax_layout_list&quot;:[],&quot;background_background&quot;:&quot;classic&quot;}\">\n\t\t\t\t\t\t<div class=\"elementor-container elementor-column-gap-no\">\n\t\t\t\t\t<div class=\"elementor-column elementor-col-100 elementor-top-column elementor-element elementor-element-bf4159e\" data-id=\"bf4159e\" data-element_type=\"column\" data-e-type=\"column\">\n\t\t\t<div class=\"elementor-widget-wrap elementor-element-populated\">\n\t\t\t\t\t\t<div class=\"elementor-element elementor-element-a54ce92 elementor-widget elementor-widget-html\" data-id=\"a54ce92\" data-element_type=\"widget\" data-e-type=\"widget\" data-widget_type=\"html.default\">\n\t\t\t\t<div class=\"elementor-widget-container\">\n\t\t\t\t\t<iframe class=\"iframe_resultados\" src=\"https:\/\/mutuamadridopen.com\/results\/#\/?lang=en\" frameborder=\"0\" style=\"border: 0px solid black;height:2700px\" scrolling=\"yes\" ><\/iframe>\t\t\t\t<\/div>\n\t\t\t\t<\/div>\n\t\t\t\t\t<\/div>\n\t\t<\/div>\n\t\t\t\t\t<\/div>\n\t\t<\/section>\n\t\t\t\t<section class=\"elementor-section elementor-top-section elementor-element elementor-element-7a23525 elementor-section-content-top elementor-hidden-desktop elementor-hidden-tablet elementor-hidden-mobile elementor-section-boxed elementor-section-height-default elementor-section-height-default\" data-id=\"7a23525\" data-element_type=\"section\" data-e-type=\"section\" data-settings=\"{&quot;jet_parallax_layout_list&quot;:[],&quot;background_background&quot;:&quot;classic&quot;}\">\n\t\t\t\t\t\t<div class=\"elementor-container elementor-column-gap-no\">\n\t\t\t\t\t<div class=\"elementor-column elementor-col-100 elementor-top-column elementor-element elementor-element-1769810\" data-id=\"1769810\" data-element_type=\"column\" data-e-type=\"column\">\n\t\t\t<div class=\"elementor-widget-wrap elementor-element-populated\">\n\t\t\t\t\t\t<div class=\"elementor-element elementor-element-81393bd elementor-widget elementor-widget-heading\" data-id=\"81393bd\" data-element_type=\"widget\" data-e-type=\"widget\" data-widget_type=\"heading.default\">\n\t\t\t\t<div class=\"elementor-widget-container\">\n\t\t\t\t\t<p class=\"elementor-heading-title elementor-size-default\">Information not available<\/p>\t\t\t\t<\/div>\n\t\t\t\t<\/div>\n\t\t\t\t\t<\/div>\n\t\t<\/div>\n\t\t\t\t\t<\/div>\n\t\t<\/section>\n\t\t\t\t<section class=\"elementor-section elementor-top-section elementor-element elementor-element-26bf2c7 elementor-section-boxed elementor-section-height-default elementor-section-height-default\" data-id=\"26bf2c7\" data-element_type=\"section\" data-e-type=\"section\" data-settings=\"{&quot;jet_parallax_layout_list&quot;:[]}\">\n\t\t\t\t\t\t<div class=\"elementor-container elementor-column-gap-default\">\n\t\t\t\t\t<div class=\"elementor-column elementor-col-100 elementor-top-column elementor-element elementor-element-1045351\" data-id=\"1045351\" data-element_type=\"column\" data-e-type=\"column\">\n\t\t\t<div class=\"elementor-widget-wrap elementor-element-populated\">\n\t\t\t\t\t\t<div class=\"elementor-element elementor-element-f932fd9 elementor-widget elementor-widget-html\" data-id=\"f932fd9\" data-element_type=\"widget\" data-e-type=\"widget\" data-widget_type=\"html.default\">\n\t\t\t\t<div class=\"elementor-widget-container\">\n\t\t\t\t\t\n<script>\/\/ Seleccionar el iframe\n\nconst iframe = document.querySelector('iframe.iframe_resultados')\n\n\/\/ Escuchar el evento 'load' del iframe\niframe.onload = function() {\n    \/\/ Obtener el contenido del iframe una vez que est\u00e9 completamente cargado\n    const iframeContent = iframe.contentDocument || iframe.contentWindow.document\n    \n    \/\/ Crear una instancia del MutationObserver y pasar una funci\u00f3n de devoluci\u00f3n de llamada que se ejecutar\u00e1 cuando ocurran mutaciones\n    const observer = new MutationObserver(function(mutationsList, observer) {\n        \/\/ Cambiar la altura del iframe seg\u00fan el contenido del nodo \".main\" dentro del iframe\n        iframe.style.height = iframeContent.querySelector('.main').clientHeight + 'px'\n    });\n\n    \/\/ Opciones para el observer (cu\u00e1les mutaciones ser\u00e1n observadas)\n    const config = {\n        attributes: true,\n        childList: true,\n        subtree: true\n    }\n\n    \/\/ Iniciar la observaci\u00f3n del nodo objetivo con las opciones especificadas\n    observer.observe(iframeContent.querySelector('#app'), config)\n}\n\n\n<\/script>\t\t\t\t<\/div>\n\t\t\t\t<\/div>\n\t\t\t\t\t<\/div>\n\t\t<\/div>\n\t\t\t\t\t<\/div>\n\t\t<\/section>\n\t\t\t\t<\/div>\n\t\t","protected":false},"excerpt":{"rendered":"<p>RESULTS Information not available<\/p>\n","protected":false},"author":3,"featured_media":0,"parent":0,"menu_order":0,"comment_status":"closed","ping_status":"closed","template":"","meta":{"footnotes":""},"class_list":["post-82509","page","type-page","status-publish","hentry"],"_links":{"self":[{"href":"https:\/\/mutuamadridopen.com\/en\/wp-json\/wp\/v2\/pages\/82509","targetHints":{"allow":["GET"]}}],"collection":[{"href":"https:\/\/mutuamadridopen.com\/en\/wp-json\/wp\/v2\/pages"}],"about":[{"href":"https:\/\/mutuamadridopen.com\/en\/wp-json\/wp\/v2\/types\/page"}],"author":[{"embeddable":true,"href":"https:\/\/mutuamadridopen.com\/en\/wp-json\/wp\/v2\/users\/3"}],"replies":[{"embeddable":true,"href":"https:\/\/mutuamadridopen.com\/en\/wp-json\/wp\/v2\/comments?post=82509"}],"version-history":[{"count":101,"href":"https:\/\/mutuamadridopen.com\/en\/wp-json\/wp\/v2\/pages\/82509\/revisions"}],"predecessor-version":[{"id":100662,"href":"https:\/\/mutuamadridopen.com\/en\/wp-json\/wp\/v2\/pages\/82509\/revisions\/100662"}],"wp:attachment":[{"href":"https:\/\/mutuamadridopen.com\/en\/wp-json\/wp\/v2\/media?parent=82509"}],"curies":[{"name":"wp","href":"https:\/\/api.w.org\/{rel}","templated":true}]}}